{"id":1391,"date":"2025-09-03T13:47:42","date_gmt":"2025-09-03T13:47:42","guid":{"rendered":"https:\/\/www.format34.net\/?page_id=1391"},"modified":"2025-09-03T14:01:00","modified_gmt":"2025-09-03T14:01:00","slug":"elementor-sayfa-1391","status":"publish","type":"page","link":"https:\/\/www.format34.net\/?page_id=1391","title":{"rendered":"M\u00fcteahhitlik ve Taahh\u00fct"},"content":{"rendered":"\t\t<div data-elementor-type=\"wp-page\" data-elementor-id=\"1391\" class=\"elementor elementor-1391\">\n\t\t\t\t<div class=\"elementor-element elementor-element-be7dd58 e-grid e-con-boxed e-con e-parent\" data-id=\"be7dd58\" data-element_type=\"container\" data-e-type=\"container\">\n\t\t\t\t\t<div class=\"e-con-inner\">\n\t\t\t\t<div class=\"elementor-element elementor-element-9f5a738 elementor-widget elementor-widget-heading\" data-id=\"9f5a738\" data-element_type=\"widget\" data-e-type=\"widget\" data-widget_type=\"heading.default\">\n\t\t\t\t<div class=\"elementor-widget-container\">\n\t\t\t\t\t<h2 class=\"elementor-heading-title elementor-size-default\">Kaliteden \u00d6d\u00fcn Vermeden, Zaman\u0131nda ve B\u00fct\u00e7enize Uygun Yap\u0131lar \u0130n\u015fa Ediyoruz\n<\/h2>\t\t\t\t<\/div>\n\t\t\t\t<\/div>\n\t\t\t\t<div class=\"elementor-element elementor-element-f626f84 elementor-widget elementor-widget-text-editor\" data-id=\"f626f84\" data-element_type=\"widget\" data-e-type=\"widget\" data-widget_type=\"text-editor.default\">\n\t\t\t\t<div class=\"elementor-widget-container\">\n\t\t\t\t\t\t\t\t\t<p><span style=\"font-weight: 400;\">Her proje, bir vizyonu ger\u00e7e\u011fe d\u00f6n\u00fc\u015ft\u00fcrme f\u0131rsat\u0131d\u0131r. Biz, in\u015faat sekt\u00f6r\u00fcnde y\u0131llar\u0131n verdi\u011fi tecr\u00fcbe ve uzmanl\u0131kla, &#8220;Kaliteden \u00d6d\u00fcn Vermeden, Zaman\u0131nda ve B\u00fct\u00e7enize Uygun Yap\u0131lar \u0130n\u015fa Ediyoruz.&#8221; Bu anlay\u0131\u015fla, her bir ad\u0131mda m\u00fckemmelli\u011fi hedefliyoruz. Projelerinizi en y\u00fcksek standartlarda, g\u00fcvenli ve sa\u011flam temellerle in\u015fa ederken, ayn\u0131 zamanda zaman\u0131nda teslimat ve b\u00fct\u00e7e uyumu sa\u011fl\u0131yoruz.<\/span><\/p><p><span style=\"font-weight: 400;\">Hedefimiz sadece kaliteli yap\u0131lar in\u015fa etmek de\u011fil, ayn\u0131 zamanda m\u00fc\u015fteri memnuniyetini en \u00fcst d\u00fczeyde tutmakt\u0131r. \u00c7\u00fcnk\u00fc biz, i\u015fimizi yaln\u0131zca yapm\u0131yoruz; her projede g\u00fcven ve kalitenin simgesi olmay\u0131 hedefliyoruz.<\/span><\/p>\t\t\t\t\t\t\t\t<\/div>\n\t\t\t\t<\/div>\n\t\t\t\t\t<\/div>\n\t\t\t\t<\/div>\n\t\t<div class=\"elementor-element elementor-element-613f735 e-grid e-con-boxed e-con e-parent\" data-id=\"613f735\" data-element_type=\"container\" data-e-type=\"container\">\n\t\t\t\t\t<div class=\"e-con-inner\">\n\t\t\t\t<div class=\"elementor-element elementor-element-1d2e4b3 elementor-widget elementor-widget-text-editor\" data-id=\"1d2e4b3\" data-element_type=\"widget\" data-e-type=\"widget\" data-widget_type=\"text-editor.default\">\n\t\t\t\t<div class=\"elementor-widget-container\">\n\t\t\t\t\t\t\t\t\t<p><strong>KAT KAR\u015eILI\u011eI<\/strong><\/p><ol><li style=\"font-weight: 400;\" aria-level=\"1\"><span style=\"font-weight: 400;\">KONUT<\/span><\/li><li style=\"font-weight: 400;\" aria-level=\"1\"><span style=\"font-weight: 400;\">V\u0130LLA<\/span><\/li><li style=\"font-weight: 400;\" aria-level=\"1\"><span style=\"font-weight: 400;\">\u00c7OK KATLI YAPILAR<\/span><\/li><\/ol><p><br \/><br \/><\/p>\t\t\t\t\t\t\t\t<\/div>\n\t\t\t\t<\/div>\n\t\t\t\t<div class=\"elementor-element elementor-element-415ebdb elementor-widget elementor-widget-text-editor\" data-id=\"415ebdb\" data-element_type=\"widget\" data-e-type=\"widget\" data-widget_type=\"text-editor.default\">\n\t\t\t\t<div class=\"elementor-widget-container\">\n\t\t\t\t\t\t\t\t\t<p><strong>M\u00dcTEAHH\u0130T H\u0130ZMET\u0130<\/strong><\/p><ol><li style=\"font-weight: 400;\" aria-level=\"1\"><span style=\"font-weight: 400;\">FABR\u0130KA B\u0130NALARI<\/span><\/li><li style=\"font-weight: 400;\" aria-level=\"1\"><span style=\"font-weight: 400;\">SANAT\u0130 YAPILARI VE LAVE YAPILAR<\/span><\/li><li style=\"font-weight: 400;\" aria-level=\"1\"><span style=\"font-weight: 400;\">AVM<\/span><\/li><\/ol>\t\t\t\t\t\t\t\t<\/div>\n\t\t\t\t<\/div>\n\t\t\t\t<div class=\"elementor-element elementor-element-719503b elementor-widget elementor-widget-text-editor\" data-id=\"719503b\" data-element_type=\"widget\" data-e-type=\"widget\" data-widget_type=\"text-editor.default\">\n\t\t\t\t<div class=\"elementor-widget-container\">\n\t\t\t\t\t\t\t\t\t<p><strong>ANAHTAR TESL\u0130M<\/strong><\/p><ol><li style=\"font-weight: 400;\" aria-level=\"1\"><span style=\"font-weight: 400;\">FABR\u0130KA B\u0130NALARI<\/span><\/li><li style=\"font-weight: 400;\" aria-level=\"1\"><span style=\"font-weight: 400;\">SANAY\u0130 YAPILARI VE \u0130LAVE YAPILAR<\/span><\/li><li style=\"font-weight: 400;\" aria-level=\"1\"><span style=\"font-weight: 400;\">KONUT<\/span><\/li><li style=\"font-weight: 400;\" aria-level=\"1\"><span style=\"font-weight: 400;\">V\u0130LLA<\/span><\/li><li style=\"font-weight: 400;\" aria-level=\"1\"><span style=\"font-weight: 400;\">\u00c7OK KATLI YAPILAR<\/span><\/li><li style=\"font-weight: 400;\" aria-level=\"1\"><span style=\"font-weight: 400;\">AVM<\/span><\/li><\/ol>\t\t\t\t\t\t\t\t<\/div>\n\t\t\t\t<\/div>\n\t\t\t\t\t<\/div>\n\t\t\t\t<\/div>\n\t\t\t\t<section class=\"elementor-section elementor-top-section elementor-element elementor-element-70df74b elementor-section-content-middle elementor-section-height-min-height elementor-section-boxed elementor-section-height-default elementor-section-items-middle\" data-id=\"70df74b\" data-element_type=\"section\" data-e-type=\"section\" data-settings=\"{&quot;background_background&quot;:&quot;classic&quot;}\">\n\t\t\t\t\t\t<div class=\"elementor-container elementor-column-gap-custom\">\n\t\t\t\t\t<div class=\"elementor-column elementor-col-66 elementor-top-column elementor-element elementor-element-0a24b96\" data-id=\"0a24b96\" data-element_type=\"column\" data-e-type=\"column\">\n\t\t\t<div class=\"elementor-widget-wrap elementor-element-populated\">\n\t\t\t\t\t\t<div class=\"elementor-element elementor-element-7e06860 elementor-widget__width-initial elementor-widget elementor-widget-heading\" data-id=\"7e06860\" data-element_type=\"widget\" data-e-type=\"widget\" data-widget_type=\"heading.default\">\n\t\t\t\t<div class=\"elementor-widget-container\">\n\t\t\t\t\t<h5 class=\"elementor-heading-title elementor-size-default\">Detayl\u0131 Bilgi \u0130\u00e7in...<\/h5>\t\t\t\t<\/div>\n\t\t\t\t<\/div>\n\t\t\t\t\t<\/div>\n\t\t<\/div>\n\t\t\t\t<div class=\"elementor-column elementor-col-33 elementor-top-column elementor-element elementor-element-62015a2\" data-id=\"62015a2\" data-element_type=\"column\" data-e-type=\"column\">\n\t\t\t<div class=\"elementor-widget-wrap elementor-element-populated\">\n\t\t\t\t\t\t<div class=\"elementor-element elementor-element-8f499f2 elementor-align-right elementor-mobile-align-center elementor-widget elementor-widget-button\" data-id=\"8f499f2\" data-element_type=\"widget\" data-e-type=\"widget\" data-widget_type=\"button.default\">\n\t\t\t\t<div class=\"elementor-widget-container\">\n\t\t\t\t\t\t\t\t\t<div class=\"elementor-button-wrapper\">\n\t\t\t\t\t<a class=\"elementor-button elementor-button-link elementor-size-sm\" href=\"mailto:%20info@format34.net\" target=\"_blank\">\n\t\t\t\t\t\t<span class=\"elementor-button-content-wrapper\">\n\t\t\t\t\t\t\t\t\t<span class=\"elementor-button-text\">Bizimle \u0130leti\u015fime Ge\u00e7in<\/span>\n\t\t\t\t\t<\/span>\n\t\t\t\t\t<\/a>\n\t\t\t\t<\/div>\n\t\t\t\t\t\t\t\t<\/div>\n\t\t\t\t<\/div>\n\t\t\t\t\t<\/div>\n\t\t<\/div>\n\t\t\t\t\t<\/div>\n\t\t<\/section>\n\t\t\t\t<\/div>\n\t\t","protected":false},"excerpt":{"rendered":"<p>Kaliteden \u00d6d\u00fcn Vermeden, Zaman\u0131nda ve B\u00fct\u00e7enize Uygun Yap\u0131lar \u0130n\u015fa Ediyoruz Her proje, bir vizyonu ger\u00e7e\u011fe d\u00f6n\u00fc\u015ft\u00fcrme f\u0131rsat\u0131d\u0131r. Biz, in\u015faat sekt\u00f6r\u00fcnde y\u0131llar\u0131n verdi\u011fi [&hellip;]<\/p>\n","protected":false},"author":1,"featured_media":0,"parent":0,"menu_order":0,"comment_status":"closed","ping_status":"closed","template":"","meta":{"footnotes":""},"class_list":["post-1391","page","type-page","status-publish","hentry"],"_links":{"self":[{"href":"https:\/\/www.format34.net\/index.php?rest_route=\/wp\/v2\/pages\/1391","targetHints":{"allow":["GET"]}}],"collection":[{"href":"https:\/\/www.format34.net\/index.php?rest_route=\/wp\/v2\/pages"}],"about":[{"href":"https:\/\/www.format34.net\/index.php?rest_route=\/wp\/v2\/types\/page"}],"author":[{"embeddable":true,"href":"https:\/\/www.format34.net\/index.php?rest_route=\/wp\/v2\/users\/1"}],"replies":[{"embeddable":true,"href":"https:\/\/www.format34.net\/index.php?rest_route=%2Fwp%2Fv2%2Fcomments&post=1391"}],"version-history":[{"count":13,"href":"https:\/\/www.format34.net\/index.php?rest_route=\/wp\/v2\/pages\/1391\/revisions"}],"predecessor-version":[{"id":1418,"href":"https:\/\/www.format34.net\/index.php?rest_route=\/wp\/v2\/pages\/1391\/revisions\/1418"}],"wp:attachment":[{"href":"https:\/\/www.format34.net\/index.php?rest_route=%2Fwp%2Fv2%2Fmedia&parent=1391"}],"curies":[{"name":"wp","href":"https:\/\/api.w.org\/{rel}","templated":true}]}}