{"id":1386,"date":"2025-09-03T13:45:24","date_gmt":"2025-09-03T13:45:24","guid":{"rendered":"https:\/\/www.format34.net\/?page_id=1386"},"modified":"2025-09-03T14:01:13","modified_gmt":"2025-09-03T14:01:13","slug":"musavirlik-ve-kontrolluk","status":"publish","type":"page","link":"https:\/\/www.format34.net\/?page_id=1386","title":{"rendered":"M\u00fc\u015favirlik ve Kontroll\u00fck"},"content":{"rendered":"\t\t<div data-elementor-type=\"wp-page\" data-elementor-id=\"1386\" class=\"elementor elementor-1386\">\n\t\t\t\t<div class=\"elementor-element elementor-element-8f0f150 e-flex e-con-boxed e-con e-parent\" data-id=\"8f0f150\" data-element_type=\"container\" data-e-type=\"container\">\n\t\t\t\t\t<div class=\"e-con-inner\">\n\t\t<div class=\"elementor-element elementor-element-649415f e-con-full e-flex e-con e-child\" data-id=\"649415f\" data-element_type=\"container\" data-e-type=\"container\">\n\t\t\t\t<div class=\"elementor-element elementor-element-a815a08 elementor-widget elementor-widget-heading\" data-id=\"a815a08\" data-element_type=\"widget\" data-e-type=\"widget\" data-widget_type=\"heading.default\">\n\t\t\t\t<div class=\"elementor-widget-container\">\n\t\t\t\t\t<h2 class=\"elementor-heading-title elementor-size-default\">B\u00fct\u00e7eniz dahilinde, G\u00fcvenli\u011fi ve Esteti\u011fi \u00d6n Planda Tutan Profesyonel Denetim!\n<\/h2>\t\t\t\t<\/div>\n\t\t\t\t<\/div>\n\t\t\t\t<\/div>\n\t\t<div class=\"elementor-element elementor-element-7bb1832 e-con-full e-flex e-con e-child\" data-id=\"7bb1832\" data-element_type=\"container\" data-e-type=\"container\">\n\t\t\t\t<div class=\"elementor-element elementor-element-6b62e35 elementor-widget elementor-widget-text-editor\" data-id=\"6b62e35\" data-element_type=\"widget\" data-e-type=\"widget\" data-widget_type=\"text-editor.default\">\n\t\t\t\t<div class=\"elementor-widget-container\">\n\t\t\t\t\t\t\t\t\t<p><span style=\"font-weight: 400;\">G\u00fcvenli, estetik ve ekonomik \u00e7\u00f6z\u00fcmler sunmak, yap\u0131lar\u0131n gelece\u011fini \u015fekillendirirken en b\u00fcy\u00fck \u00f6nceli\u011fimizdir. Deneyimli ekibimizle, her projeye titizlikle yakla\u015farak maliyetleri optimize eder, kalite ve g\u00fcvenlikten \u00f6d\u00fcn vermeden en verimli denetim s\u00fcre\u00e7lerini sunar\u0131z. Yap\u0131lar\u0131n\u0131z\u0131n sa\u011flam temeller \u00fczerine kurulmas\u0131n\u0131 sa\u011flarken, estetik b\u00fct\u00fcnl\u00fc\u011f\u00fcn\u00fc de koruyoruz.<\/span><\/p><p><span style=\"font-weight: 400;\">Siz hayal edin, biz g\u00fcvenli ve ekonomik \u015fekilde hayata ge\u00e7irelim!<\/span><\/p>\t\t\t\t\t\t\t\t<\/div>\n\t\t\t\t<\/div>\n\t\t\t\t<\/div>\n\t\t<div class=\"elementor-element elementor-element-6a508ce e-con-full e-flex e-con e-child\" data-id=\"6a508ce\" data-element_type=\"container\" data-e-type=\"container\">\n\t\t\t\t<div class=\"elementor-element elementor-element-db429c9 elementor-widget elementor-widget-text-editor\" data-id=\"db429c9\" data-element_type=\"widget\" data-e-type=\"widget\" data-widget_type=\"text-editor.default\">\n\t\t\t\t<div class=\"elementor-widget-container\">\n\t\t\t\t\t\t\t\t\t<ol><li style=\"font-weight: 400;\" aria-level=\"1\"><span style=\"font-weight: 400;\">YER TESL\u0130M\u0130 YAPILIP \u015eANT\u0130YE BA\u015eLAMASINI M\u00dcTAK\u0130P, YAPI KULLANIM \u0130ZN\u0130 ALININCAYA KADAR \u00c7IKAB\u0130LECEK SIKINTILARA VE SORUNLARA YER\u0130NDE VE\/VEYA PROJE \u00dcZER\u0130NDE \u00c7\u00d6Z\u00dcMLER\u0130N \u00dcRET\u0130LMES\u0130 VEYA KOORD\u0130NE ED\u0130LMES\u0130<\/span><\/li><li style=\"font-weight: 400;\" aria-level=\"1\"><span style=\"font-weight: 400;\">\u0130MALATI YAPILAN HER MALZEMEN\u0130N PROJEYE UYGUNLU\u011eUNUN KONTROL ED\u0130LMES\u0130<\/span><\/li><li style=\"font-weight: 400;\" aria-level=\"1\"><span style=\"font-weight: 400;\">HAKED\u0130\u015e ONAYLARININ VER\u0130LMES\u0130<\/span><\/li><li style=\"font-weight: 400;\" aria-level=\"1\"><span style=\"font-weight: 400;\">PROJELEND\u0130RME SAFHASINDA EKS\u0130K KALMI\u015e KONULARIN M\u00dc\u015eTER\u0130, PROJE M\u00dcELL\u0130F\u0130 VE M\u00dcTEAHH\u0130T \u0130LE KOORD\u0130NEL\u0130 B\u0130R \u015eEK\u0130LDE \u00c7\u00d6Z\u00dcLMES\u0130N\u0130N SA\u011eLANMASI<\/span><\/li><li style=\"font-weight: 400;\" aria-level=\"1\"><span style=\"font-weight: 400;\">G\u00dcNL\u00dcK, HAFTALIK VE\/VEYA AYLIK RAPORLAMALARIN HAZIRLANMASI VE YAYINLANMASI<\/span><\/li><li style=\"font-weight: 400;\" aria-level=\"1\"><span style=\"font-weight: 400;\">\u015eANT\u0130YEN\u0130N HAZIRLANAN \u0130\u015e PROGRAMINA UYGUN \u0130LERLEMES\u0130N\u0130N DENETLENMES\u0130<\/span><\/li><li style=\"font-weight: 400;\" aria-level=\"1\"><span style=\"font-weight: 400;\">PROJE VE \u015eARTNAMELER DO\u011eRULTUSUNDA MALZEME ONAYLARININ VER\u0130LMES\u0130<\/span><\/li><\/ol><p>\u00a0<\/p>\t\t\t\t\t\t\t\t<\/div>\n\t\t\t\t<\/div>\n\t\t\t\t<\/div>\n\t\t\t\t\t<\/div>\n\t\t\t\t<\/div>\n\t\t\t\t<section class=\"elementor-section elementor-top-section elementor-element elementor-element-149bb4d elementor-section-content-middle elementor-section-height-min-height elementor-section-boxed elementor-section-height-default elementor-section-items-middle\" data-id=\"149bb4d\" data-element_type=\"section\" data-e-type=\"section\" data-settings=\"{&quot;background_background&quot;:&quot;classic&quot;}\">\n\t\t\t\t\t\t<div class=\"elementor-container elementor-column-gap-custom\">\n\t\t\t\t\t<div class=\"elementor-column elementor-col-66 elementor-top-column elementor-element elementor-element-e91818a\" data-id=\"e91818a\" data-element_type=\"column\" data-e-type=\"column\">\n\t\t\t<div class=\"elementor-widget-wrap elementor-element-populated\">\n\t\t\t\t\t\t<div class=\"elementor-element elementor-element-62f1e33 elementor-widget__width-initial elementor-widget elementor-widget-heading\" data-id=\"62f1e33\" data-element_type=\"widget\" data-e-type=\"widget\" data-widget_type=\"heading.default\">\n\t\t\t\t<div class=\"elementor-widget-container\">\n\t\t\t\t\t<h5 class=\"elementor-heading-title elementor-size-default\">Detayl\u0131 Bilgi \u0130\u00e7in...<\/h5>\t\t\t\t<\/div>\n\t\t\t\t<\/div>\n\t\t\t\t\t<\/div>\n\t\t<\/div>\n\t\t\t\t<div class=\"elementor-column elementor-col-33 elementor-top-column elementor-element elementor-element-52fb79b\" data-id=\"52fb79b\" data-element_type=\"column\" data-e-type=\"column\">\n\t\t\t<div class=\"elementor-widget-wrap elementor-element-populated\">\n\t\t\t\t\t\t<div class=\"elementor-element elementor-element-7da83c9 elementor-align-right elementor-mobile-align-center elementor-widget elementor-widget-button\" data-id=\"7da83c9\" data-element_type=\"widget\" data-e-type=\"widget\" data-widget_type=\"button.default\">\n\t\t\t\t<div class=\"elementor-widget-container\">\n\t\t\t\t\t\t\t\t\t<div class=\"elementor-button-wrapper\">\n\t\t\t\t\t<a class=\"elementor-button elementor-button-link elementor-size-sm\" href=\"mailto:%20info@format34.net\" target=\"_blank\">\n\t\t\t\t\t\t<span class=\"elementor-button-content-wrapper\">\n\t\t\t\t\t\t\t\t\t<span class=\"elementor-button-text\">Bizimle \u0130leti\u015fime Ge\u00e7in<\/span>\n\t\t\t\t\t<\/span>\n\t\t\t\t\t<\/a>\n\t\t\t\t<\/div>\n\t\t\t\t\t\t\t\t<\/div>\n\t\t\t\t<\/div>\n\t\t\t\t\t<\/div>\n\t\t<\/div>\n\t\t\t\t\t<\/div>\n\t\t<\/section>\n\t\t\t\t<\/div>\n\t\t","protected":false},"excerpt":{"rendered":"<p>B\u00fct\u00e7eniz dahilinde, G\u00fcvenli\u011fi ve Esteti\u011fi \u00d6n Planda Tutan Profesyonel Denetim! G\u00fcvenli, estetik ve ekonomik \u00e7\u00f6z\u00fcmler sunmak, yap\u0131lar\u0131n gelece\u011fini \u015fekillendirirken en b\u00fcy\u00fck \u00f6nceli\u011fimizdir. [&hellip;]<\/p>\n","protected":false},"author":1,"featured_media":0,"parent":0,"menu_order":0,"comment_status":"closed","ping_status":"closed","template":"","meta":{"footnotes":""},"class_list":["post-1386","page","type-page","status-publish","hentry"],"_links":{"self":[{"href":"https:\/\/www.format34.net\/index.php?rest_route=\/wp\/v2\/pages\/1386","targetHints":{"allow":["GET"]}}],"collection":[{"href":"https:\/\/www.format34.net\/index.php?rest_route=\/wp\/v2\/pages"}],"about":[{"href":"https:\/\/www.format34.net\/index.php?rest_route=\/wp\/v2\/types\/page"}],"author":[{"embeddable":true,"href":"https:\/\/www.format34.net\/index.php?rest_route=\/wp\/v2\/users\/1"}],"replies":[{"embeddable":true,"href":"https:\/\/www.format34.net\/index.php?rest_route=%2Fwp%2Fv2%2Fcomments&post=1386"}],"version-history":[{"count":7,"href":"https:\/\/www.format34.net\/index.php?rest_route=\/wp\/v2\/pages\/1386\/revisions"}],"predecessor-version":[{"id":1421,"href":"https:\/\/www.format34.net\/index.php?rest_route=\/wp\/v2\/pages\/1386\/revisions\/1421"}],"wp:attachment":[{"href":"https:\/\/www.format34.net\/index.php?rest_route=%2Fwp%2Fv2%2Fmedia&parent=1386"}],"curies":[{"name":"wp","href":"https:\/\/api.w.org\/{rel}","templated":true}]}}