{"id":1335,"date":"2025-09-02T10:01:06","date_gmt":"2025-09-02T10:01:06","guid":{"rendered":"https:\/\/www.format34.net\/?page_id=1335"},"modified":"2025-09-03T14:05:22","modified_gmt":"2025-09-03T14:05:22","slug":"proje-yonetimi","status":"publish","type":"page","link":"https:\/\/www.format34.net\/?page_id=1335","title":{"rendered":"Proje Y\u00f6netimi"},"content":{"rendered":"\t\t<div data-elementor-type=\"wp-page\" data-elementor-id=\"1335\" class=\"elementor elementor-1335\">\n\t\t\t\t<div class=\"elementor-element elementor-element-62b06207 e-flex e-con-boxed e-con e-parent\" data-id=\"62b06207\" data-element_type=\"container\" data-e-type=\"container\">\n\t\t\t\t\t<div class=\"e-con-inner\">\n\t\t<div class=\"elementor-element elementor-element-5c23e03a e-con-full e-flex e-con e-child\" data-id=\"5c23e03a\" data-element_type=\"container\" data-e-type=\"container\">\n\t\t\t\t<div class=\"elementor-element elementor-element-161457cb elementor-widget elementor-widget-heading\" data-id=\"161457cb\" data-element_type=\"widget\" data-e-type=\"widget\" data-widget_type=\"heading.default\">\n\t\t\t\t<div class=\"elementor-widget-container\">\n\t\t\t\t\t<h2 class=\"elementor-heading-title elementor-size-default\">Projeyi Do\u011fru Y\u00f6net,<br>Zaman\u0131 Kazan,<br>B\u00fct\u00e7eni Koru!\n<\/h2>\t\t\t\t<\/div>\n\t\t\t\t<\/div>\n\t\t\t\t<\/div>\n\t\t<div class=\"elementor-element elementor-element-630951c3 e-con-full e-flex e-con e-child\" data-id=\"630951c3\" data-element_type=\"container\" data-e-type=\"container\">\n\t\t\t\t<div class=\"elementor-element elementor-element-6a88c77d elementor-widget elementor-widget-text-editor\" data-id=\"6a88c77d\" data-element_type=\"widget\" data-e-type=\"widget\" data-widget_type=\"text-editor.default\">\n\t\t\t\t<div class=\"elementor-widget-container\">\n\t\t\t\t\t\t\t\t\t<p><span style=\"font-weight: 400;\">Projenizin, \u00f6ncesi ve sonras\u0131 t\u00fcm ihtiya\u00e7lar\u0131 do\u011frultusunda tasarlanmas\u0131, en g\u00fcvenli ayn\u0131 zamanda en ekonomik \u00e7\u00f6z\u00fcmler ile belirledi\u011finiz b\u00fct\u00e7e dahilinde size teslim edilmesi i\u00e7in, i\u015fin ba\u015f\u0131ndan sonuna kadar g\u00fc\u00e7l\u00fc ve tecr\u00fcbeli kadromuz ile yan\u0131n\u0131zday\u0131z.<\/span><\/p>\t\t\t\t\t\t\t\t<\/div>\n\t\t\t\t<\/div>\n\t\t\t\t<\/div>\n\t\t\t\t\t<\/div>\n\t\t\t\t<\/div>\n\t\t<div class=\"elementor-element elementor-element-5164bdd e-flex e-con-boxed e-con e-parent\" data-id=\"5164bdd\" data-element_type=\"container\" data-e-type=\"container\">\n\t\t\t\t\t<div class=\"e-con-inner\">\n\t\t\t\t<div class=\"elementor-element elementor-element-a370b13 elementor-widget elementor-widget-text-editor\" data-id=\"a370b13\" data-element_type=\"widget\" data-e-type=\"widget\" data-widget_type=\"text-editor.default\">\n\t\t\t\t<div class=\"elementor-widget-container\">\n\t\t\t\t\t\t\t\t\t<p><span style=\"font-weight: 400;\">Her proje, ba\u015far\u0131ya ula\u015fmak i\u00e7in do\u011fru bir y\u00f6netim anlay\u0131\u015f\u0131 gerektirir. Zaman y\u00f6netimi, projelerin h\u0131zla ilerlemesini sa\u011flarken, b\u00fct\u00e7eye uygunluk da s\u00fcrd\u00fcr\u00fclebilir ba\u015far\u0131 i\u00e7in kritik \u00f6neme sahiptir. Projelerimizi planlarken her ad\u0131mda b\u00fct\u00e7enize sad\u0131k kalarak, gereksiz harcamalardan ka\u00e7\u0131n\u0131r ve kaynaklar\u0131n\u0131z\u0131 etkin bir \u015fekilde kullan\u0131r\u0131z. Bu yakla\u015f\u0131m, projelerimizin ba\u015far\u0131l\u0131 olmas\u0131n\u0131 ve hedeflerinize ula\u015fman\u0131z\u0131 sa\u011flar.<\/span><\/p><p><span style=\"font-weight: 400;\">Ba\u015far\u0131, do\u011fru y\u00f6netilen bir s\u00fcre\u00e7le zaman ve b\u00fct\u00e7enizin dengede tutulmas\u0131nda yat\u0131yor. Bu prensip do\u011frultusunda, projelerimizi etkili bir \u015fekilde y\u00f6netir, zaman kazanarak b\u00fct\u00e7enize uygunluk sa\u011flar ve hedeflerinize ula\u015f\u0131r\u0131z.<\/span><\/p>\t\t\t\t\t\t\t\t<\/div>\n\t\t\t\t<\/div>\n\t\t\t\t\t<\/div>\n\t\t\t\t<\/div>\n\t\t<div class=\"elementor-element elementor-element-01c511d e-flex e-con-boxed e-con e-parent\" data-id=\"01c511d\" data-element_type=\"container\" data-e-type=\"container\">\n\t\t\t\t\t<div class=\"e-con-inner\">\n\t\t\t\t<div class=\"elementor-element elementor-element-2feca14 elementor-widget elementor-widget-text-editor\" data-id=\"2feca14\" data-element_type=\"widget\" data-e-type=\"widget\" data-widget_type=\"text-editor.default\">\n\t\t\t\t<div class=\"elementor-widget-container\">\n\t\t\t\t\t\t\t\t\t<ol><li style=\"font-weight: 400;\" aria-level=\"1\"><span style=\"font-weight: 400;\">F\u0130Z\u0130B\u0130L\u0130TE \u00c7ALI\u015eMALARI<\/span><\/li><li style=\"font-weight: 400;\" aria-level=\"1\"><span style=\"font-weight: 400;\">M\u00dc\u015eTER\u0130 \u0130STEKLER\u0130NE ODAKLI KONSEPT PROJE<\/span><\/li><li style=\"font-weight: 400;\" aria-level=\"1\"><span style=\"font-weight: 400;\">KONSEPT PROJE BA\u011eLAMINDA D\u0130S\u0130PL\u0130NLER ARASI KOORD\u0130NASYON<\/span><\/li><li style=\"font-weight: 400;\" aria-level=\"1\"><span style=\"font-weight: 400;\">\u0130DARE (Belediye, M\u00fcd\u00fcrl\u00fck vb.) \u0130LE \u0130L\u0130\u015eK\u0130LER\u0130N Y\u00d6NET\u0130LMES\u0130<\/span><\/li><li style=\"font-weight: 400;\" aria-level=\"1\"><span style=\"font-weight: 400;\">Y\u00d6NETMEL\u0130K VE \u015eARTNAMELERE UYGUN PROJELEND\u0130RME<\/span><\/li><li style=\"font-weight: 400;\" aria-level=\"1\"><span style=\"font-weight: 400;\">PROJELEND\u0130RME SONUCU ORTAYA \u00c7IKAN KE\u015eFE UYGUN \u0130HALE DOSYASININ HAZIRLANMASI<\/span><\/li><li style=\"font-weight: 400;\" aria-level=\"1\"><span style=\"font-weight: 400;\">HAZIRLANAN \u0130HALE DOSYASI \u0130LE \u0130HALEYE \u00c7IKILMASI VE SONU\u00c7LANDIRILMASI<\/span><\/li><li style=\"font-weight: 400;\" aria-level=\"1\"><span style=\"font-weight: 400;\">\u0130N\u015eAAT RUHSATI TAK\u0130B\u0130<\/span><\/li><li style=\"font-weight: 400;\" aria-level=\"1\"><span style=\"font-weight: 400;\">YER TESL\u0130M\u0130 YAPILMASI<\/span><\/li><li style=\"font-weight: 400;\" aria-level=\"1\"><span style=\"font-weight: 400;\">\u015eANT\u0130YE S\u00dcRES\u0130NCE M\u00dc\u015eAV\u0130RL\u0130K VE KONTROLL\u00dcK<\/span><\/li><li style=\"font-weight: 400;\" aria-level=\"1\"><span style=\"font-weight: 400;\">GE\u00c7\u0130C\u0130 KABULUN YAPILMASI<\/span><\/li><li style=\"font-weight: 400;\" aria-level=\"1\"><span style=\"font-weight: 400;\">YAPI KULLANIM \u0130ZN\u0130N\u0130N ALINMASININ KOORD\u0130NASYONU<\/span><\/li><\/ol>\t\t\t\t\t\t\t\t<\/div>\n\t\t\t\t<\/div>\n\t\t\t\t\t<\/div>\n\t\t\t\t<\/div>\n\t\t\t\t<section class=\"elementor-section elementor-top-section elementor-element elementor-element-76f203f elementor-section-content-middle elementor-section-height-min-height elementor-section-boxed elementor-section-height-default elementor-section-items-middle\" data-id=\"76f203f\" data-element_type=\"section\" data-e-type=\"section\" data-settings=\"{&quot;background_background&quot;:&quot;classic&quot;}\">\n\t\t\t\t\t\t<div class=\"elementor-container elementor-column-gap-custom\">\n\t\t\t\t\t<div class=\"elementor-column elementor-col-66 elementor-top-column elementor-element elementor-element-19a48f3\" data-id=\"19a48f3\" data-element_type=\"column\" data-e-type=\"column\">\n\t\t\t<div class=\"elementor-widget-wrap elementor-element-populated\">\n\t\t\t\t\t\t<div class=\"elementor-element elementor-element-68d3ba0 elementor-widget__width-initial elementor-widget elementor-widget-heading\" data-id=\"68d3ba0\" data-element_type=\"widget\" data-e-type=\"widget\" data-widget_type=\"heading.default\">\n\t\t\t\t<div class=\"elementor-widget-container\">\n\t\t\t\t\t<h5 class=\"elementor-heading-title elementor-size-default\">Detayl\u0131 Bilgi \u0130\u00e7in...<\/h5>\t\t\t\t<\/div>\n\t\t\t\t<\/div>\n\t\t\t\t\t<\/div>\n\t\t<\/div>\n\t\t\t\t<div class=\"elementor-column elementor-col-33 elementor-top-column elementor-element elementor-element-5be8765\" data-id=\"5be8765\" data-element_type=\"column\" data-e-type=\"column\">\n\t\t\t<div class=\"elementor-widget-wrap elementor-element-populated\">\n\t\t\t\t\t\t<div class=\"elementor-element elementor-element-cc32d5f elementor-align-right elementor-mobile-align-center elementor-widget elementor-widget-button\" data-id=\"cc32d5f\" data-element_type=\"widget\" data-e-type=\"widget\" data-widget_type=\"button.default\">\n\t\t\t\t<div class=\"elementor-widget-container\">\n\t\t\t\t\t\t\t\t\t<div class=\"elementor-button-wrapper\">\n\t\t\t\t\t<a class=\"elementor-button elementor-button-link elementor-size-sm\" href=\"mailto:%20info@format34.net\" target=\"_blank\">\n\t\t\t\t\t\t<span class=\"elementor-button-content-wrapper\">\n\t\t\t\t\t\t\t\t\t<span class=\"elementor-button-text\">Bizimle \u0130leti\u015fime Ge\u00e7in<\/span>\n\t\t\t\t\t<\/span>\n\t\t\t\t\t<\/a>\n\t\t\t\t<\/div>\n\t\t\t\t\t\t\t\t<\/div>\n\t\t\t\t<\/div>\n\t\t\t\t\t<\/div>\n\t\t<\/div>\n\t\t\t\t\t<\/div>\n\t\t<\/section>\n\t\t\t\t<\/div>\n\t\t","protected":false},"excerpt":{"rendered":"<p>Projeyi Do\u011fru Y\u00f6net,Zaman\u0131 Kazan,B\u00fct\u00e7eni Koru! Projenizin, \u00f6ncesi ve sonras\u0131 t\u00fcm ihtiya\u00e7lar\u0131 do\u011frultusunda tasarlanmas\u0131, en g\u00fcvenli ayn\u0131 zamanda en ekonomik \u00e7\u00f6z\u00fcmler ile belirledi\u011finiz [&hellip;]<\/p>\n","protected":false},"author":1,"featured_media":0,"parent":0,"menu_order":0,"comment_status":"closed","ping_status":"closed","template":"","meta":{"footnotes":""},"class_list":["post-1335","page","type-page","status-publish","hentry"],"_links":{"self":[{"href":"https:\/\/www.format34.net\/index.php?rest_route=\/wp\/v2\/pages\/1335","targetHints":{"allow":["GET"]}}],"collection":[{"href":"https:\/\/www.format34.net\/index.php?rest_route=\/wp\/v2\/pages"}],"about":[{"href":"https:\/\/www.format34.net\/index.php?rest_route=\/wp\/v2\/types\/page"}],"author":[{"embeddable":true,"href":"https:\/\/www.format34.net\/index.php?rest_route=\/wp\/v2\/users\/1"}],"replies":[{"embeddable":true,"href":"https:\/\/www.format34.net\/index.php?rest_route=%2Fwp%2Fv2%2Fcomments&post=1335"}],"version-history":[{"count":7,"href":"https:\/\/www.format34.net\/index.php?rest_route=\/wp\/v2\/pages\/1335\/revisions"}],"predecessor-version":[{"id":1433,"href":"https:\/\/www.format34.net\/index.php?rest_route=\/wp\/v2\/pages\/1335\/revisions\/1433"}],"wp:attachment":[{"href":"https:\/\/www.format34.net\/index.php?rest_route=%2Fwp%2Fv2%2Fmedia&parent=1335"}],"curies":[{"name":"wp","href":"https:\/\/api.w.org\/{rel}","templated":true}]}}